{"id":1994,"date":"2015-03-16T15:20:29","date_gmt":"2015-03-16T14:20:29","guid":{"rendered":"http:\/\/tasasantander.com\/?page_id=1994"},"modified":"2018-03-20T14:09:44","modified_gmt":"2018-03-20T13:09:44","slug":"10-cualidades-singulares","status":"publish","type":"page","link":"https:\/\/tasasantander.com\/en\/10-cualidades-singulares\/","title":{"rendered":"10 TASA Singular Features"},"content":{"rendered":"<p>\t<\/p>\n<li>1.  Unloading vessels&#8217; cargo through the terminal, <span style=\"color: #782327;\"><strong>prevents the release of CO<sub>2<\/sub><\/strong><\/span> in atmosphere.<\/li>\n<li>2.  Tasa is an agribulk dedicated terminal, handling exclusively commodities of vegetable origin for food and feed, thus <span style=\"color: #782327;\"><strong>there is no risk of undesirable substances<\/strong><\/span> such as dioxins (petroleum coke) or chemicals (fertilizers) sticking to the cargo.<\/li>\n<li>3.  Commodities are transported to a warehouse with no intervention of trucks, <span style=\"color: #782327;\"><strong>preventing dirty water from entering the silo<\/strong><\/span> (quite common problem in rainy days during unloading operations by means of trucks)<\/li>\n<li>4.  Commodities are carried within the terminal, enclosed and encapsulated, dust being aspirated by 30 screening equipment.<\/li>\n<li>5.  The continuous unloading system permits to easily obtain representative samples (that is not feasible with the traditional method of crane and trucks).<\/li>\n<li>6.  Splitting the cargo into 2.600 T batches minimizes the impact of any problem regarding food\/feed safety.<\/li>\n<li>7.  An effective birds&#8217; control system at our facilities, keeps food and feed safe.<\/li>\n<li>8.  The short distance between warehouse and factory minimizes the logistic risk.<\/li>\n<li>9.  Quality air improvement since the release of PM10 dust particles is prevented.<\/li>\n<li>10. Inmission control in the vicinity of Santander.<\/li>\n<p><\/p>","protected":false},"excerpt":{"rendered":"<p>1. Unloading vessels&#8217; cargo through the terminal, prevents the release of CO2 in atmosphere. 2. Tasa is an agribulk dedicated&#8230;<\/p>\n","protected":false},"author":2,"featured_media":1894,"parent":0,"menu_order":0,"comment_status":"closed","ping_status":"closed","template":"","meta":{"footnotes":""},"class_list":["post-1994","page","type-page","status-publish","has-post-thumbnail","hentry"],"yoast_head":"<!-- This site is optimized with the Yoast SEO plugin v27.3 - https:\/\/yoast.com\/product\/yoast-seo-wordpress\/ -->\n<title>10 Cualidades Singulares - TASA Santander<\/title>\n<meta name=\"description\" content=\"Relaci\u00f3n de las cualidades singulares de TASA. La descarga de buques en TASA, evita la emisi\u00f3n de CO2 a la atm\u00f3sfera, y mejora la calidad del aire, evitando.\" \/>\n<meta name=\"robots\" content=\"index, follow, max-snippet:-1, max-image-preview:large, max-video-preview:-1\" \/>\n<link rel=\"canonical\" href=\"https:\/\/tasasantander.com\/en\/10-cualidades-singulares\/\" \/>\n<meta name=\"twitter:label1\" content=\"Est. reading time\" \/>\n\t<meta name=\"twitter:data1\" content=\"2 minutes\" \/>\n<script type=\"application\/ld+json\" class=\"yoast-schema-graph\">{\"@context\":\"https:\\\/\\\/schema.org\",\"@graph\":[{\"@type\":\"WebPage\",\"@id\":\"https:\\\/\\\/tasasantander.com\\\/en\\\/10-cualidades-singulares\\\/\",\"url\":\"https:\\\/\\\/tasasantander.com\\\/en\\\/10-cualidades-singulares\\\/\",\"name\":\"10 Cualidades Singulares - TASA Santander\",\"isPartOf\":{\"@id\":\"https:\\\/\\\/tasasantander.com\\\/en\\\/#website\"},\"primaryImageOfPage\":{\"@id\":\"https:\\\/\\\/tasasantander.com\\\/en\\\/10-cualidades-singulares\\\/#primaryimage\"},\"image\":{\"@id\":\"https:\\\/\\\/tasasantander.com\\\/10-cualidades-singulares\\\/#primaryimage\"},\"thumbnailUrl\":\"https:\\\/\\\/tasasantander.com\\\/wp-content\\\/uploads\\\/2015\\\/03\\\/aerea-ciudad-21.jpg\",\"datePublished\":\"2015-03-16T14:20:29+00:00\",\"dateModified\":\"2018-03-20T13:09:44+00:00\",\"description\":\"Relaci\u00f3n de las cualidades singulares de TASA. La descarga de buques en TASA, evita la emisi\u00f3n de CO2 a la atm\u00f3sfera, y mejora la calidad del aire, evitando.\",\"breadcrumb\":{\"@id\":\"https:\\\/\\\/tasasantander.com\\\/en\\\/10-cualidades-singulares\\\/#breadcrumb\"},\"inLanguage\":\"en-US\",\"potentialAction\":[{\"@type\":\"ReadAction\",\"target\":[[\"https:\\\/\\\/tasasantander.com\\\/en\\\/10-cualidades-singulares\\\/\"]]}]},{\"@type\":\"ImageObject\",\"inLanguage\":\"en-US\",\"@id\":\"https:\\\/\\\/tasasantander.com\\\/en\\\/10-cualidades-singulares\\\/#primaryimage\",\"url\":\"https:\\\/\\\/tasasantander.com\\\/wp-content\\\/uploads\\\/2015\\\/03\\\/aerea-ciudad-21.jpg\",\"contentUrl\":\"https:\\\/\\\/tasasantander.com\\\/wp-content\\\/uploads\\\/2015\\\/03\\\/aerea-ciudad-21.jpg\",\"width\":1024,\"height\":455,\"caption\":\"cualidades singulares TASA\"},{\"@type\":\"BreadcrumbList\",\"@id\":\"https:\\\/\\\/tasasantander.com\\\/en\\\/10-cualidades-singulares\\\/#breadcrumb\",\"itemListElement\":[{\"@type\":\"ListItem\",\"position\":1,\"name\":\"Portada\",\"item\":\"https:\\\/\\\/tasasantander.com\\\/en\\\/\"},{\"@type\":\"ListItem\",\"position\":2,\"name\":\"10 Cualidades Singulares TASA\"}]},{\"@type\":\"WebSite\",\"@id\":\"https:\\\/\\\/tasasantander.com\\\/en\\\/#website\",\"url\":\"https:\\\/\\\/tasasantander.com\\\/en\\\/\",\"name\":\"TASA\",\"description\":\"Terminal  de Graneles Agroalimentarios\",\"potentialAction\":[{\"@type\":\"SearchAction\",\"target\":{\"@type\":\"EntryPoint\",\"urlTemplate\":\"https:\\\/\\\/tasasantander.com\\\/en\\\/?s={search_term_string}\"},\"query-input\":{\"@type\":\"PropertyValueSpecification\",\"valueRequired\":true,\"valueName\":\"search_term_string\"}}],\"inLanguage\":\"en-US\"}]}<\/script>\n<!-- \/ Yoast SEO plugin. -->","yoast_head_json":{"title":"10 Cualidades Singulares - TASA Santander","description":"Relaci\u00f3n de las cualidades singulares de TASA. La descarga de buques en TASA, evita la emisi\u00f3n de CO2 a la atm\u00f3sfera, y mejora la calidad del aire, evitando.","robots":{"index":"index","follow":"follow","max-snippet":"max-snippet:-1","max-image-preview":"max-image-preview:large","max-video-preview":"max-video-preview:-1"},"canonical":"https:\/\/tasasantander.com\/en\/10-cualidades-singulares\/","twitter_misc":{"Est. reading time":"2 minutes"},"schema":{"@context":"https:\/\/schema.org","@graph":[{"@type":"WebPage","@id":"https:\/\/tasasantander.com\/en\/10-cualidades-singulares\/","url":"https:\/\/tasasantander.com\/en\/10-cualidades-singulares\/","name":"10 Cualidades Singulares - TASA Santander","isPartOf":{"@id":"https:\/\/tasasantander.com\/en\/#website"},"primaryImageOfPage":{"@id":"https:\/\/tasasantander.com\/en\/10-cualidades-singulares\/#primaryimage"},"image":{"@id":"https:\/\/tasasantander.com\/10-cualidades-singulares\/#primaryimage"},"thumbnailUrl":"https:\/\/tasasantander.com\/wp-content\/uploads\/2015\/03\/aerea-ciudad-21.jpg","datePublished":"2015-03-16T14:20:29+00:00","dateModified":"2018-03-20T13:09:44+00:00","description":"Relaci\u00f3n de las cualidades singulares de TASA. La descarga de buques en TASA, evita la emisi\u00f3n de CO2 a la atm\u00f3sfera, y mejora la calidad del aire, evitando.","breadcrumb":{"@id":"https:\/\/tasasantander.com\/en\/10-cualidades-singulares\/#breadcrumb"},"inLanguage":"en-US","potentialAction":[{"@type":"ReadAction","target":[["https:\/\/tasasantander.com\/en\/10-cualidades-singulares\/"]]}]},{"@type":"ImageObject","inLanguage":"en-US","@id":"https:\/\/tasasantander.com\/en\/10-cualidades-singulares\/#primaryimage","url":"https:\/\/tasasantander.com\/wp-content\/uploads\/2015\/03\/aerea-ciudad-21.jpg","contentUrl":"https:\/\/tasasantander.com\/wp-content\/uploads\/2015\/03\/aerea-ciudad-21.jpg","width":1024,"height":455,"caption":"cualidades singulares TASA"},{"@type":"BreadcrumbList","@id":"https:\/\/tasasantander.com\/en\/10-cualidades-singulares\/#breadcrumb","itemListElement":[{"@type":"ListItem","position":1,"name":"Portada","item":"https:\/\/tasasantander.com\/en\/"},{"@type":"ListItem","position":2,"name":"10 Cualidades Singulares TASA"}]},{"@type":"WebSite","@id":"https:\/\/tasasantander.com\/en\/#website","url":"https:\/\/tasasantander.com\/en\/","name":"TASA","description":"Terminal  de Graneles Agroalimentarios","potentialAction":[{"@type":"SearchAction","target":{"@type":"EntryPoint","urlTemplate":"https:\/\/tasasantander.com\/en\/?s={search_term_string}"},"query-input":{"@type":"PropertyValueSpecification","valueRequired":true,"valueName":"search_term_string"}}],"inLanguage":"en-US"}]}},"_links":{"self":[{"href":"https:\/\/tasasantander.com\/en\/wp-json\/wp\/v2\/pages\/1994","targetHints":{"allow":["GET"]}}],"collection":[{"href":"https:\/\/tasasantander.com\/en\/wp-json\/wp\/v2\/pages"}],"about":[{"href":"https:\/\/tasasantander.com\/en\/wp-json\/wp\/v2\/types\/page"}],"author":[{"embeddable":true,"href":"https:\/\/tasasantander.com\/en\/wp-json\/wp\/v2\/users\/2"}],"replies":[{"embeddable":true,"href":"https:\/\/tasasantander.com\/en\/wp-json\/wp\/v2\/comments?post=1994"}],"version-history":[{"count":20,"href":"https:\/\/tasasantander.com\/en\/wp-json\/wp\/v2\/pages\/1994\/revisions"}],"predecessor-version":[{"id":2174,"href":"https:\/\/tasasantander.com\/en\/wp-json\/wp\/v2\/pages\/1994\/revisions\/2174"}],"wp:featuredmedia":[{"embeddable":true,"href":"https:\/\/tasasantander.com\/en\/wp-json\/wp\/v2\/media\/1894"}],"wp:attachment":[{"href":"https:\/\/tasasantander.com\/en\/wp-json\/wp\/v2\/media?parent=1994"}],"curies":[{"name":"wp","href":"https:\/\/api.w.org\/{rel}","templated":true}]}}