{"id":1528,"date":"2014-12-11T10:53:53","date_gmt":"2014-12-11T09:53:53","guid":{"rendered":"http:\/\/tasasantander.com\/?page_id=1528"},"modified":"2016-11-17T08:07:41","modified_gmt":"2016-11-17T07:07:41","slug":"medio-ambiente","status":"publish","type":"page","link":"https:\/\/tasasantander.com\/en\/medio-ambiente\/","title":{"rendered":"Environment"},"content":{"rendered":"<p><blockquote>\n<p>AN INNOVATIVE ENCAPSULATED SYSTEM OF CHAINS REDUCES TO THE MAXIMUM THE EMISSION OF PARTICLES DURING UNLOADING, HANDLING AND TRANSPORT OPERATIONS.<\/p>\n<\/blockquote>\n<div style=\"clear: both\"><\/div>\n<span class='dropcap normal ' style='background-color: ; border-color: ;'>M<\/span>\n<p><span style=\"color: #782327;\"><strong>ore than 30 equipments aspire and control immission<\/strong><\/span> and a complex net of filters situated in each point of transference guarantees that not even <span style=\"color: #782327;\"><strong>PM10<\/strong><\/span> particles can escape the facilities, protecting population healthn.<\/p>\n<p>The design and construction of the terminal has revolved around complying with law regarding <span style=\"color: #782327;\"><strong>air quality<\/strong><\/span>. All systems and equipments have tools to filter and confine powder produced in loading, unloading and handling of solid agribulk commodities in the Terminal.<\/p>\n<p>The Terminal\u2019s Environmental policy during the running period, is very demanding regarding the compliance with the applicable rules in all inherent to facilities, own personnel, suppliers and customers.<\/p>\n<p>TASA\u2019s facilities implemented with the aim of contention and\/or reduction of particles release, are divided in two groups: <span style=\"color: #782327;\"><strong>physical containment and screening<\/strong><\/span>.<\/p>\n<p>Physical containment consists of covered conveyor belts, enclosed galleries, etc, that <span style=\"color: #782327;\"><strong>keep released particles inside<\/strong><\/span>.<\/p>\n<p>Screening has been performed in those points where the process makes no feasible an efficient closing; in each of these points there are filters. These filters <span style=\"color: #782327;\"><strong>guarantee that the air processed by them is released to the atmosphere in compliance with the existing regulatory framework regarding particles concentration<\/strong><\/span>.<\/p>\n<p>Since all the bulk transport is performed in enclosed installations, and the trucks and rail wagons that pick up the product from the terminal must be duly closed and fit with an owning. There is <span style=\"color: #782327;\"><strong>no source of wide-spread dust release<\/strong><\/span>.<\/p>","protected":false},"excerpt":{"rendered":"<p>ore than 30 equipments aspire and control immission and a complex net of filters situated in each point of transference&#8230;<\/p>\n","protected":false},"author":2,"featured_media":1882,"parent":0,"menu_order":0,"comment_status":"closed","ping_status":"closed","template":"","meta":{"footnotes":""},"class_list":["post-1528","page","type-page","status-publish","has-post-thumbnail","hentry"],"yoast_head":"<!-- This site is optimized with the Yoast SEO plugin v27.3 - https:\/\/yoast.com\/product\/yoast-seo-wordpress\/ -->\n<title>Medio Ambiente - TASA Santander<\/title>\n<meta name=\"description\" content=\"Un Innovador sistema reduce al m\u00e1ximo las emisiones de part\u00edculas durante la descarga, manipulaci\u00f3n y transporte, cumpliendo con en el medio ambiente\" \/>\n<meta name=\"robots\" content=\"index, follow, max-snippet:-1, max-image-preview:large, max-video-preview:-1\" \/>\n<link rel=\"canonical\" href=\"https:\/\/tasasantander.com\/en\/medio-ambiente\/\" \/>\n<meta name=\"twitter:label1\" content=\"Est. reading time\" \/>\n\t<meta name=\"twitter:data1\" content=\"3 minutes\" \/>\n<script type=\"application\/ld+json\" class=\"yoast-schema-graph\">{\"@context\":\"https:\\\/\\\/schema.org\",\"@graph\":[{\"@type\":\"WebPage\",\"@id\":\"https:\\\/\\\/tasasantander.com\\\/en\\\/medio-ambiente\\\/\",\"url\":\"https:\\\/\\\/tasasantander.com\\\/en\\\/medio-ambiente\\\/\",\"name\":\"Medio Ambiente - TASA Santander\",\"isPartOf\":{\"@id\":\"https:\\\/\\\/tasasantander.com\\\/en\\\/#website\"},\"primaryImageOfPage\":{\"@id\":\"https:\\\/\\\/tasasantander.com\\\/en\\\/medio-ambiente\\\/#primaryimage\"},\"image\":{\"@id\":\"https:\\\/\\\/tasasantander.com\\\/en\\\/medio-ambiente\\\/#primaryimage\"},\"thumbnailUrl\":\"https:\\\/\\\/tasasantander.com\\\/wp-content\\\/uploads\\\/2015\\\/03\\\/t5-descargador4_09031.jpg\",\"datePublished\":\"2014-12-11T09:53:53+00:00\",\"dateModified\":\"2016-11-17T07:07:41+00:00\",\"description\":\"Un Innovador sistema reduce al m\u00e1ximo las emisiones de part\u00edculas durante la descarga, manipulaci\u00f3n y transporte, cumpliendo con en el medio ambiente\",\"breadcrumb\":{\"@id\":\"https:\\\/\\\/tasasantander.com\\\/en\\\/medio-ambiente\\\/#breadcrumb\"},\"inLanguage\":\"en-US\",\"potentialAction\":[{\"@type\":\"ReadAction\",\"target\":[[\"https:\\\/\\\/tasasantander.com\\\/en\\\/medio-ambiente\\\/\"]]}]},{\"@type\":\"ImageObject\",\"inLanguage\":\"en-US\",\"@id\":\"https:\\\/\\\/tasasantander.com\\\/en\\\/medio-ambiente\\\/#primaryimage\",\"url\":\"https:\\\/\\\/tasasantander.com\\\/wp-content\\\/uploads\\\/2015\\\/03\\\/t5-descargador4_09031.jpg\",\"contentUrl\":\"https:\\\/\\\/tasasantander.com\\\/wp-content\\\/uploads\\\/2015\\\/03\\\/t5-descargador4_09031.jpg\",\"width\":4320,\"height\":1309,\"caption\":\"medio ambiente tasa\"},{\"@type\":\"BreadcrumbList\",\"@id\":\"https:\\\/\\\/tasasantander.com\\\/en\\\/medio-ambiente\\\/#breadcrumb\",\"itemListElement\":[{\"@type\":\"ListItem\",\"position\":1,\"name\":\"Portada\",\"item\":\"https:\\\/\\\/tasasantander.com\\\/en\\\/\"},{\"@type\":\"ListItem\",\"position\":2,\"name\":\"Environment\"}]},{\"@type\":\"WebSite\",\"@id\":\"https:\\\/\\\/tasasantander.com\\\/en\\\/#website\",\"url\":\"https:\\\/\\\/tasasantander.com\\\/en\\\/\",\"name\":\"TASA\",\"description\":\"Terminal  de Graneles Agroalimentarios\",\"potentialAction\":[{\"@type\":\"SearchAction\",\"target\":{\"@type\":\"EntryPoint\",\"urlTemplate\":\"https:\\\/\\\/tasasantander.com\\\/en\\\/?s={search_term_string}\"},\"query-input\":{\"@type\":\"PropertyValueSpecification\",\"valueRequired\":true,\"valueName\":\"search_term_string\"}}],\"inLanguage\":\"en-US\"}]}<\/script>\n<!-- \/ Yoast SEO plugin. -->","yoast_head_json":{"title":"Medio Ambiente - TASA Santander","description":"Un Innovador sistema reduce al m\u00e1ximo las emisiones de part\u00edculas durante la descarga, manipulaci\u00f3n y transporte, cumpliendo con en el medio ambiente","robots":{"index":"index","follow":"follow","max-snippet":"max-snippet:-1","max-image-preview":"max-image-preview:large","max-video-preview":"max-video-preview:-1"},"canonical":"https:\/\/tasasantander.com\/en\/medio-ambiente\/","twitter_misc":{"Est. reading time":"3 minutes"},"schema":{"@context":"https:\/\/schema.org","@graph":[{"@type":"WebPage","@id":"https:\/\/tasasantander.com\/en\/medio-ambiente\/","url":"https:\/\/tasasantander.com\/en\/medio-ambiente\/","name":"Medio Ambiente - TASA Santander","isPartOf":{"@id":"https:\/\/tasasantander.com\/en\/#website"},"primaryImageOfPage":{"@id":"https:\/\/tasasantander.com\/en\/medio-ambiente\/#primaryimage"},"image":{"@id":"https:\/\/tasasantander.com\/en\/medio-ambiente\/#primaryimage"},"thumbnailUrl":"https:\/\/tasasantander.com\/wp-content\/uploads\/2015\/03\/t5-descargador4_09031.jpg","datePublished":"2014-12-11T09:53:53+00:00","dateModified":"2016-11-17T07:07:41+00:00","description":"Un Innovador sistema reduce al m\u00e1ximo las emisiones de part\u00edculas durante la descarga, manipulaci\u00f3n y transporte, cumpliendo con en el medio ambiente","breadcrumb":{"@id":"https:\/\/tasasantander.com\/en\/medio-ambiente\/#breadcrumb"},"inLanguage":"en-US","potentialAction":[{"@type":"ReadAction","target":[["https:\/\/tasasantander.com\/en\/medio-ambiente\/"]]}]},{"@type":"ImageObject","inLanguage":"en-US","@id":"https:\/\/tasasantander.com\/en\/medio-ambiente\/#primaryimage","url":"https:\/\/tasasantander.com\/wp-content\/uploads\/2015\/03\/t5-descargador4_09031.jpg","contentUrl":"https:\/\/tasasantander.com\/wp-content\/uploads\/2015\/03\/t5-descargador4_09031.jpg","width":4320,"height":1309,"caption":"medio ambiente tasa"},{"@type":"BreadcrumbList","@id":"https:\/\/tasasantander.com\/en\/medio-ambiente\/#breadcrumb","itemListElement":[{"@type":"ListItem","position":1,"name":"Portada","item":"https:\/\/tasasantander.com\/en\/"},{"@type":"ListItem","position":2,"name":"Environment"}]},{"@type":"WebSite","@id":"https:\/\/tasasantander.com\/en\/#website","url":"https:\/\/tasasantander.com\/en\/","name":"TASA","description":"Terminal  de Graneles Agroalimentarios","potentialAction":[{"@type":"SearchAction","target":{"@type":"EntryPoint","urlTemplate":"https:\/\/tasasantander.com\/en\/?s={search_term_string}"},"query-input":{"@type":"PropertyValueSpecification","valueRequired":true,"valueName":"search_term_string"}}],"inLanguage":"en-US"}]}},"_links":{"self":[{"href":"https:\/\/tasasantander.com\/en\/wp-json\/wp\/v2\/pages\/1528","targetHints":{"allow":["GET"]}}],"collection":[{"href":"https:\/\/tasasantander.com\/en\/wp-json\/wp\/v2\/pages"}],"about":[{"href":"https:\/\/tasasantander.com\/en\/wp-json\/wp\/v2\/types\/page"}],"author":[{"embeddable":true,"href":"https:\/\/tasasantander.com\/en\/wp-json\/wp\/v2\/users\/2"}],"replies":[{"embeddable":true,"href":"https:\/\/tasasantander.com\/en\/wp-json\/wp\/v2\/comments?post=1528"}],"version-history":[{"count":15,"href":"https:\/\/tasasantander.com\/en\/wp-json\/wp\/v2\/pages\/1528\/revisions"}],"predecessor-version":[{"id":2077,"href":"https:\/\/tasasantander.com\/en\/wp-json\/wp\/v2\/pages\/1528\/revisions\/2077"}],"wp:featuredmedia":[{"embeddable":true,"href":"https:\/\/tasasantander.com\/en\/wp-json\/wp\/v2\/media\/1882"}],"wp:attachment":[{"href":"https:\/\/tasasantander.com\/en\/wp-json\/wp\/v2\/media?parent=1528"}],"curies":[{"name":"wp","href":"https:\/\/api.w.org\/{rel}","templated":true}]}}