{"id":1514,"date":"2014-12-11T10:42:06","date_gmt":"2014-12-11T09:42:06","guid":{"rendered":"http:\/\/tasasantander.com\/?page_id=1514"},"modified":"2016-11-17T08:07:41","modified_gmt":"2016-11-17T07:07:41","slug":"mision-vision-valores","status":"publish","type":"page","link":"https:\/\/tasasantander.com\/en\/mision-vision-valores\/","title":{"rendered":"Mission and vision"},"content":{"rendered":"<p><strong>Mission<\/strong><\/p>\n<p>To contribute to the food and feed sector competitivity and eliminate risks along the commodities supply chain, by means of rendering unloading, storing and dispatching services, based on excellence, safety, reliability, transparency and hygienic-sanitary guarantees in our processes and facilities.<\/p>\n<p><strong>Vision<\/strong><\/p>\n<p>To be the leading company in agribulk commodities handling at the Port of Santander and consolidate  ourselves as one of the best state of the art terminals worldwide, due to its high automation and its environmental and  hygienic- sanitary conditions.<\/p>","protected":false},"excerpt":{"rendered":"<p>Mission To contribute to the food and feed sector competitivity and eliminate risks along the commodities supply chain, by means&#8230;<\/p>\n","protected":false},"author":2,"featured_media":1738,"parent":0,"menu_order":0,"comment_status":"closed","ping_status":"open","template":"","meta":{"footnotes":""},"class_list":["post-1514","page","type-page","status-publish","has-post-thumbnail","hentry"],"yoast_head":"<!-- This site is optimized with the Yoast SEO plugin v27.3 - https:\/\/yoast.com\/product\/yoast-seo-wordpress\/ -->\n<title>Misi\u00f3n y Visi\u00f3n - TASA Santander<\/title>\n<meta name=\"description\" content=\"Nuestra visi\u00f3n es ser lideres en la manipulaci\u00f3n de graneles agroalimentarios del Puerto de Santander y consolidarnos como una de las terminales m\u00e1s avanzadas\" \/>\n<meta name=\"robots\" content=\"index, follow, max-snippet:-1, max-image-preview:large, max-video-preview:-1\" \/>\n<link rel=\"canonical\" href=\"https:\/\/tasasantander.com\/en\/mision-vision-valores\/\" \/>\n<meta name=\"twitter:label1\" content=\"Est. reading time\" \/>\n\t<meta name=\"twitter:data1\" content=\"1 minute\" \/>\n<script type=\"application\/ld+json\" class=\"yoast-schema-graph\">{\"@context\":\"https:\\\/\\\/schema.org\",\"@graph\":[{\"@type\":\"WebPage\",\"@id\":\"https:\\\/\\\/tasasantander.com\\\/en\\\/mision-vision-valores\\\/\",\"url\":\"https:\\\/\\\/tasasantander.com\\\/en\\\/mision-vision-valores\\\/\",\"name\":\"Misi\u00f3n y Visi\u00f3n - TASA Santander\",\"isPartOf\":{\"@id\":\"https:\\\/\\\/tasasantander.com\\\/en\\\/#website\"},\"primaryImageOfPage\":{\"@id\":\"https:\\\/\\\/tasasantander.com\\\/en\\\/mision-vision-valores\\\/#primaryimage\"},\"image\":{\"@id\":\"https:\\\/\\\/tasasantander.com\\\/mision-vision-valores\\\/#primaryimage\"},\"thumbnailUrl\":\"https:\\\/\\\/tasasantander.com\\\/wp-content\\\/uploads\\\/2015\\\/02\\\/Logo_tasa_silueteado_sin.png\",\"datePublished\":\"2014-12-11T09:42:06+00:00\",\"dateModified\":\"2016-11-17T07:07:41+00:00\",\"description\":\"Nuestra visi\u00f3n es ser lideres en la manipulaci\u00f3n de graneles agroalimentarios del Puerto de Santander y consolidarnos como una de las terminales m\u00e1s avanzadas\",\"breadcrumb\":{\"@id\":\"https:\\\/\\\/tasasantander.com\\\/en\\\/mision-vision-valores\\\/#breadcrumb\"},\"inLanguage\":\"en-US\",\"potentialAction\":[{\"@type\":\"ReadAction\",\"target\":[[\"https:\\\/\\\/tasasantander.com\\\/en\\\/mision-vision-valores\\\/\"]]}]},{\"@type\":\"ImageObject\",\"inLanguage\":\"en-US\",\"@id\":\"https:\\\/\\\/tasasantander.com\\\/en\\\/mision-vision-valores\\\/#primaryimage\",\"url\":\"https:\\\/\\\/tasasantander.com\\\/wp-content\\\/uploads\\\/2015\\\/02\\\/Logo_tasa_silueteado_sin.png\",\"contentUrl\":\"https:\\\/\\\/tasasantander.com\\\/wp-content\\\/uploads\\\/2015\\\/02\\\/Logo_tasa_silueteado_sin.png\",\"width\":403,\"height\":308,\"caption\":\"misi\u00f3n visi\u00f3n tasa santander\"},{\"@type\":\"BreadcrumbList\",\"@id\":\"https:\\\/\\\/tasasantander.com\\\/en\\\/mision-vision-valores\\\/#breadcrumb\",\"itemListElement\":[{\"@type\":\"ListItem\",\"position\":1,\"name\":\"Portada\",\"item\":\"https:\\\/\\\/tasasantander.com\\\/en\\\/\"},{\"@type\":\"ListItem\",\"position\":2,\"name\":\"Misi\u00f3n y visi\u00f3n\"}]},{\"@type\":\"WebSite\",\"@id\":\"https:\\\/\\\/tasasantander.com\\\/en\\\/#website\",\"url\":\"https:\\\/\\\/tasasantander.com\\\/en\\\/\",\"name\":\"TASA\",\"description\":\"Terminal  de Graneles Agroalimentarios\",\"potentialAction\":[{\"@type\":\"SearchAction\",\"target\":{\"@type\":\"EntryPoint\",\"urlTemplate\":\"https:\\\/\\\/tasasantander.com\\\/en\\\/?s={search_term_string}\"},\"query-input\":{\"@type\":\"PropertyValueSpecification\",\"valueRequired\":true,\"valueName\":\"search_term_string\"}}],\"inLanguage\":\"en-US\"}]}<\/script>\n<!-- \/ Yoast SEO plugin. -->","yoast_head_json":{"title":"Misi\u00f3n y Visi\u00f3n - TASA Santander","description":"Nuestra visi\u00f3n es ser lideres en la manipulaci\u00f3n de graneles agroalimentarios del Puerto de Santander y consolidarnos como una de las terminales m\u00e1s avanzadas","robots":{"index":"index","follow":"follow","max-snippet":"max-snippet:-1","max-image-preview":"max-image-preview:large","max-video-preview":"max-video-preview:-1"},"canonical":"https:\/\/tasasantander.com\/en\/mision-vision-valores\/","twitter_misc":{"Est. reading time":"1 minute"},"schema":{"@context":"https:\/\/schema.org","@graph":[{"@type":"WebPage","@id":"https:\/\/tasasantander.com\/en\/mision-vision-valores\/","url":"https:\/\/tasasantander.com\/en\/mision-vision-valores\/","name":"Misi\u00f3n y Visi\u00f3n - TASA Santander","isPartOf":{"@id":"https:\/\/tasasantander.com\/en\/#website"},"primaryImageOfPage":{"@id":"https:\/\/tasasantander.com\/en\/mision-vision-valores\/#primaryimage"},"image":{"@id":"https:\/\/tasasantander.com\/mision-vision-valores\/#primaryimage"},"thumbnailUrl":"https:\/\/tasasantander.com\/wp-content\/uploads\/2015\/02\/Logo_tasa_silueteado_sin.png","datePublished":"2014-12-11T09:42:06+00:00","dateModified":"2016-11-17T07:07:41+00:00","description":"Nuestra visi\u00f3n es ser lideres en la manipulaci\u00f3n de graneles agroalimentarios del Puerto de Santander y consolidarnos como una de las terminales m\u00e1s avanzadas","breadcrumb":{"@id":"https:\/\/tasasantander.com\/en\/mision-vision-valores\/#breadcrumb"},"inLanguage":"en-US","potentialAction":[{"@type":"ReadAction","target":[["https:\/\/tasasantander.com\/en\/mision-vision-valores\/"]]}]},{"@type":"ImageObject","inLanguage":"en-US","@id":"https:\/\/tasasantander.com\/en\/mision-vision-valores\/#primaryimage","url":"https:\/\/tasasantander.com\/wp-content\/uploads\/2015\/02\/Logo_tasa_silueteado_sin.png","contentUrl":"https:\/\/tasasantander.com\/wp-content\/uploads\/2015\/02\/Logo_tasa_silueteado_sin.png","width":403,"height":308,"caption":"misi\u00f3n visi\u00f3n tasa santander"},{"@type":"BreadcrumbList","@id":"https:\/\/tasasantander.com\/en\/mision-vision-valores\/#breadcrumb","itemListElement":[{"@type":"ListItem","position":1,"name":"Portada","item":"https:\/\/tasasantander.com\/en\/"},{"@type":"ListItem","position":2,"name":"Misi\u00f3n y visi\u00f3n"}]},{"@type":"WebSite","@id":"https:\/\/tasasantander.com\/en\/#website","url":"https:\/\/tasasantander.com\/en\/","name":"TASA","description":"Terminal  de Graneles Agroalimentarios","potentialAction":[{"@type":"SearchAction","target":{"@type":"EntryPoint","urlTemplate":"https:\/\/tasasantander.com\/en\/?s={search_term_string}"},"query-input":{"@type":"PropertyValueSpecification","valueRequired":true,"valueName":"search_term_string"}}],"inLanguage":"en-US"}]}},"_links":{"self":[{"href":"https:\/\/tasasantander.com\/en\/wp-json\/wp\/v2\/pages\/1514","targetHints":{"allow":["GET"]}}],"collection":[{"href":"https:\/\/tasasantander.com\/en\/wp-json\/wp\/v2\/pages"}],"about":[{"href":"https:\/\/tasasantander.com\/en\/wp-json\/wp\/v2\/types\/page"}],"author":[{"embeddable":true,"href":"https:\/\/tasasantander.com\/en\/wp-json\/wp\/v2\/users\/2"}],"replies":[{"embeddable":true,"href":"https:\/\/tasasantander.com\/en\/wp-json\/wp\/v2\/comments?post=1514"}],"version-history":[{"count":7,"href":"https:\/\/tasasantander.com\/en\/wp-json\/wp\/v2\/pages\/1514\/revisions"}],"predecessor-version":[{"id":2072,"href":"https:\/\/tasasantander.com\/en\/wp-json\/wp\/v2\/pages\/1514\/revisions\/2072"}],"wp:featuredmedia":[{"embeddable":true,"href":"https:\/\/tasasantander.com\/en\/wp-json\/wp\/v2\/media\/1738"}],"wp:attachment":[{"href":"https:\/\/tasasantander.com\/en\/wp-json\/wp\/v2\/media?parent=1514"}],"curies":[{"name":"wp","href":"https:\/\/api.w.org\/{rel}","templated":true}]}}